{"id":4140,"date":"2022-09-22T20:06:42","date_gmt":"2022-09-22T20:06:42","guid":{"rendered":"https:\/\/tajacol.com\/sobre-nosotros\/"},"modified":"2023-01-26T20:59:20","modified_gmt":"2023-01-26T20:59:20","slug":"sobre-nosotros","status":"publish","type":"page","link":"https:\/\/tajacol.com\/es\/sobre-nosotros\/","title":{"rendered":"Sobre Nosotros"},"content":{"rendered":"<p>[et_pb_section fb_built=\u00bb1&#8243; admin_label=\u00bbInicio\u00bb module_class=\u00bbsection-image-full\u00bb _builder_version=\u00bb4.19.1&#8243; _module_preset=\u00bbdefault\u00bb background_color=\u00bbRGBA(255,255,255,0)\u00bb background_enable_image=\u00bboff\u00bb background_position=\u00bbtop_center\u00bb z_index=\u00bb1&#8243; width=\u00bb100%\u00bb max_width=\u00bb100%\u00bb height_tablet=\u00bb\u00bb height_phone=\u00bb\u00bb height_last_edited=\u00bbon|phone\u00bb custom_margin=\u00bb-10%|0px|0px|0px|false|true\u00bb custom_padding=\u00bb0px|0px|0px|0px|true|true\u00bb animation_style=\u00bbfade\u00bb scroll_fade_enable=\u00bbon\u00bb scroll_fade=\u00bb0|50|50|79|100%|100|0%\u00bb motion_trigger_start=\u00bbbottom\u00bb scroll_fade_tablet=\u00bb0|50|50|79|100%|100|0%\u00bb scroll_fade_phone=\u00bb0|50|50|79|100%|100|100%\u00bb scroll_fade_last_edited=\u00bbon|phone\u00bb locked=\u00bboff\u00bb global_colors_info=\u00bb{}\u00bb][et_pb_row _builder_version=\u00bb4.18.0&#8243; _module_preset=\u00bbdefault\u00bb width=\u00bb100%\u00bb max_width=\u00bb100%\u00bb module_alignment=\u00bbcenter\u00bb custom_margin=\u00bb0px|0px|0px|0px|true|true\u00bb custom_padding=\u00bb0px|0px|0px|0px|true|true\u00bb global_colors_info=\u00bb{}\u00bb][et_pb_column type=\u00bb4_4&#8243; _builder_version=\u00bb4.18.0&#8243; _module_preset=\u00bbdefault\u00bb custom_padding=\u00bb0px|0px|0px|0px|true|true\u00bb global_colors_info=\u00bb{}\u00bb][et_pb_image src=\u00bbhttp:\/\/tajacol.com\/wp-content\/uploads\/2022\/09\/QUIENES_SOMOS-1-scaled.webp\u00bb title_text=\u00bbQUIENES_SOMOS (1)\u00bb _builder_version=\u00bb4.19.1&#8243; _module_preset=\u00bbdefault\u00bb z_index=\u00bb0&#8243; width=\u00bb100%\u00bb width_tablet=\u00bb100%\u00bb width_phone=\u00bb100%\u00bb width_last_edited=\u00bbon|phone\u00bb module_alignment=\u00bbcenter\u00bb height_tablet=\u00bb\u00bb height_phone=\u00bb40vh\u00bb height_last_edited=\u00bbon|phone\u00bb custom_margin=\u00bb9%||-5%||false|false\u00bb custom_padding=\u00bb|0px||0px|false|true\u00bb global_colors_info=\u00bb{}\u00bb custom_css_main_element_last_edited=\u00bbon|phone\u00bb][\/et_pb_image][et_pb_image src=\u00bbhttp:\/\/tajacol.com\/wp-content\/uploads\/2022\/10\/leaves-2.webp\u00bb title_text=\u00bbleaves-2&#8243; align=\u00bbcenter\u00bb disabled_on=\u00bbon|on|off\u00bb _builder_version=\u00bb4.19.1&#8243; _module_preset=\u00bbdefault\u00bb positioning=\u00bbabsolute\u00bb position_origin_a=\u00bbbottom_left\u00bb vertical_offset=\u00bb0%\u00bb horizontal_offset=\u00bb10%\u00bb width=\u00bb14%\u00bb custom_margin=\u00bb0px||||false|false\u00bb scroll_vertical_motion_enable=\u00bbon\u00bb scroll_vertical_motion=\u00bb0|50|50|100|1|0|-1&#8243; global_colors_info=\u00bb{}\u00bb][\/et_pb_image][\/et_pb_column][\/et_pb_row][et_pb_row disabled_on=\u00bbon|on|off\u00bb _builder_version=\u00bb4.19.1&#8243; _module_preset=\u00bbdefault\u00bb background_enable_color=\u00bboff\u00bb use_background_color_gradient=\u00bbon\u00bb background_color_gradient_stops=\u00bbrgba(255,255,255,0) 65%|#fffefc 87%\u00bb positioning=\u00bbabsolute\u00bb z_index=\u00bb6&#8243; width=\u00bb100%\u00bb max_width=\u00bb100%\u00bb height=\u00bb100%\u00bb scroll_vertical_motion_enable=\u00bbon\u00bb scroll_vertical_motion=\u00bb67|82|82|95|2|1|0&#8243; scroll_fade=\u00bb6|33|33|60|0|50%|100&#8243; motion_trigger_start=\u00bbbottom\u00bb global_colors_info=\u00bb{}\u00bb][et_pb_column type=\u00bb4_4&#8243; _builder_version=\u00bb4.18.0&#8243; _module_preset=\u00bbdefault\u00bb global_colors_info=\u00bb{}\u00bb][\/et_pb_column][\/et_pb_row][\/et_pb_section][et_pb_section fb_built=\u00bb1&#8243; _builder_version=\u00bb4.18.0&#8243; _module_preset=\u00bbdefault\u00bb background_color=\u00bb#FFFFFF\u00bb vertical_offset=\u00bb0px\u00bb custom_margin=\u00bb0%||5%|0px|false|false\u00bb custom_padding=\u00bb0px||0px||true|false\u00bb global_colors_info=\u00bb{}\u00bb locked=\u00bboff\u00bb][et_pb_row column_structure=\u00bb1_2,1_2&#8243; custom_padding_last_edited=\u00bbon|phone\u00bb _builder_version=\u00bb4.19.4&#8243; _module_preset=\u00bbdefault\u00bb background_color=\u00bbRGBA(255,255,255,0)\u00bb width=\u00bb76%\u00bb width_tablet=\u00bb76%\u00bb width_phone=\u00bb100%\u00bb width_last_edited=\u00bbon|phone\u00bb max_width=\u00bb76%\u00bb max_width_tablet=\u00bb76%\u00bb max_width_phone=\u00bb100%\u00bb max_width_last_edited=\u00bbon|phone\u00bb module_alignment=\u00bbcenter\u00bb custom_margin=\u00bb0px||8%||false|true\u00bb custom_margin_tablet=\u00bb0px||8%||false|true\u00bb custom_margin_phone=\u00bb0px||0%||false|true\u00bb custom_margin_last_edited=\u00bbon|phone\u00bb custom_padding=\u00bb0px|0%|0px|0%|true|true\u00bb custom_padding_tablet=\u00bb0px|0%|0px|0%|true|true\u00bb custom_padding_phone=\u00bb0px|20px|0px|20px|true|true\u00bb custom_css_main_element=\u00bbdisplay:flex;||justify-content:center;||align-items:center;\u00bb border_radii=\u00bbon|10px|10px|10px|10px\u00bb global_colors_info=\u00bb{}\u00bb custom_css_main_element_last_edited=\u00bbon|phone\u00bb custom_css_main_element_phone=\u00bbdisplay:flex;||flex-direction:column;\u00bb custom_css_main_element_tablet=\u00bbdisplay:flex;||justify-content:center;||align-items:center;\u00bb][et_pb_column type=\u00bb1_2&#8243; _builder_version=\u00bb4.19.1&#8243; _module_preset=\u00bbdefault\u00bb background_color=\u00bbRGBA(255,255,255,0)\u00bb overflow-x=\u00bbvisible\u00bb overflow-y=\u00bbvisible\u00bb custom_css_main_element=\u00bbdisplay:flex;||justify-content:center;||align-items:center;\u00bb global_colors_info=\u00bb{}\u00bb][et_pb_image src=\u00bbhttp:\/\/tajacol.com\/wp-content\/uploads\/2022\/08\/Tajacol-01.svg\u00bb title_text=\u00bbTajacol-01&#8243; align=\u00bbcenter\u00bb _builder_version=\u00bb4.18.0&#8243; _module_preset=\u00bbdefault\u00bb width=\u00bb70%\u00bb custom_margin=\u00bb12%||||false|false\u00bb global_colors_info=\u00bb{}\u00bb][\/et_pb_image][\/et_pb_column][et_pb_column type=\u00bb1_2&#8243; _builder_version=\u00bb4.19.1&#8243; _module_preset=\u00bbdefault\u00bb global_colors_info=\u00bb{}\u00bb][et_pb_text module_class=\u00bbtitle-website\u00bb _builder_version=\u00bb4.19.4&#8243; _module_preset=\u00bbdefault\u00bb text_text_color=\u00bb#FFFFFF\u00bb header_text_align=\u00bbright\u00bb header_text_color=\u00bb#5e3200&#8243; header_line_height=\u00bb2.9vw\u00bb z_index=\u00bb-1&#8243; text_orientation=\u00bbright\u00bb width=\u00bb100%\u00bb scroll_vertical_motion=\u00bb0|85|85|100|0|0|2&#8243; scroll_fade=\u00bb0|90|90|100|100%|100%|0%\u00bb motion_trigger_start=\u00bbtop\u00bb header_text_align_tablet=\u00bbright\u00bb header_text_align_phone=\u00bbcenter\u00bb header_text_align_last_edited=\u00bbon|phone\u00bb global_colors_info=\u00bb{}\u00bb]<\/p>\n<h1><spam class=\"green-line\">Sobre<br \/>\nNosotros<\/spam><\/h1>\n<p>[\/et_pb_text][et_pb_text _builder_version=\u00bb4.19.4&#8243; _module_preset=\u00bb46a004e3-bab6-49f7-bdb3-8a5fe1820074&#8243; text_text_color=\u00bb#5e3200&#8243; link_font=\u00bb|600||on|on||||wavy\u00bb link_text_color=\u00bb#5e3200&#8243; link_font_size=\u00bb0.9vw\u00bb link_line_height=\u00bb1.1vw\u00bb background_color=\u00bb#ebefea\u00bb module_alignment=\u00bbcenter\u00bb custom_margin=\u00bbauto|auto|auto|auto|true|true\u00bb custom_margin_tablet=\u00bbauto|auto|auto|auto|true|true\u00bb custom_margin_phone=\u00bb0px|auto|0px|auto|true|true\u00bb custom_margin_last_edited=\u00bbon|phone\u00bb custom_padding=\u00bb4%|4%|4%|4%|true|true\u00bb custom_padding_tablet=\u00bb4%|4%|4%|4%|true|true\u00bb custom_padding_phone=\u00bb4%|4%|4%|4%|true|true\u00bb custom_padding_last_edited=\u00bbon|phone\u00bb scroll_vertical_motion_enable=\u00bbon\u00bb scroll_vertical_motion=\u00bb0|50|50|100|1|0|0&#8243; scroll_horizontal_motion=\u00bb0|35|80|100|1|0|0&#8243; scroll_fade_enable=\u00bbon\u00bb scroll_fade=\u00bb0|35|80|100|0|100|100%\u00bb scroll_blur_enable=\u00bbon\u00bb scroll_blur=\u00bb0|35|80|100|10|0|0&#8243; motion_trigger_start=\u00bbtop\u00bb scroll_vertical_motion_tablet=\u00bb0|50|50|100|1|0|0&#8243; scroll_vertical_motion_phone=\u00bb0|50|50|100|0|0|0&#8243; scroll_vertical_motion_last_edited=\u00bbon|phone\u00bb scroll_fade_tablet=\u00bb0|35|80|100|0|100|100%\u00bb scroll_fade_phone=\u00bb0|35|80|100|100%|100|100%\u00bb scroll_fade_last_edited=\u00bbon|phone\u00bb scroll_blur_tablet=\u00bb0|35|80|100|10|0|0&#8243; scroll_blur_phone=\u00bb0|35|80|100|0px|0px|0px\u00bb scroll_blur_last_edited=\u00bbon|phone\u00bb custom_css_main_element=\u00bbmax-width:85ch;||margin: 0 auto;\u00bb border_radii=\u00bbon|15px|15px|15px|15px\u00bb locked=\u00bboff\u00bb global_colors_info=\u00bb{}\u00bb]<\/p>\n<p><strong>Tajacol<\/strong> es una marca del sur de la Florida que comenz\u00f3 en 2011 con la idea de llevar al mercado productos de primera calidad a precios competitivos. Nuestro objetivo es tener productos que nuestros clientes est\u00e9n orgullosos de ofrecer y servir. Otro de nuestros principales objetivos fue desarrollar productos listos para usar y minimizar el proceso de preparaci\u00f3n. En el proceso de lograr este objetivo, tambi\u00e9n nos aseguramos de que estos productos listos para usar mantengan su alto valor nutricional, calidad y aut\u00e9ntico sabor latino.<\/p>\n<p>[\/et_pb_text][\/et_pb_column][\/et_pb_row][et_pb_row column_structure=\u00bb1_3,1_3,1_3&#8243; use_custom_gutter=\u00bbon\u00bb gutter_width=\u00bb1&#8243; custom_padding_last_edited=\u00bbon|phone\u00bb _builder_version=\u00bb4.19.1&#8243; _module_preset=\u00bbdefault\u00bb width=\u00bb76%\u00bb width_tablet=\u00bb76%\u00bb width_phone=\u00bb100%\u00bb width_last_edited=\u00bbon|phone\u00bb max_width=\u00bb76%\u00bb max_width_tablet=\u00bb76%\u00bb max_width_phone=\u00bb100%\u00bb max_width_last_edited=\u00bbon|phone\u00bb module_alignment=\u00bbcenter\u00bb custom_margin=\u00bb0px|0px|0px|0px|true|true\u00bb custom_padding=\u00bb0px|0px|0px|0px|true|true\u00bb custom_padding_tablet=\u00bb0px|0px|0px|0px|true|true\u00bb custom_padding_phone=\u00bb0px|20px|0px|20px|true|true\u00bb global_colors_info=\u00bb{}\u00bb custom_css_main_element_last_edited=\u00bbon|phone\u00bb custom_css_main_element_phone=\u00bbdisplay:flex;||flex-direction:column-reverse;\u00bb][et_pb_column type=\u00bb1_3&#8243; _builder_version=\u00bb4.18.0&#8243; _module_preset=\u00bbdefault\u00bb global_colors_info=\u00bb{}\u00bb][et_pb_text _builder_version=\u00bb4.19.4&#8243; _module_preset=\u00bb46a004e3-bab6-49f7-bdb3-8a5fe1820074&#8243; text_text_color=\u00bb#5e3200&#8243; link_font=\u00bb|600||on|on||||wavy\u00bb link_text_color=\u00bb#5e3200&#8243; link_font_size=\u00bb0.9vw\u00bb link_line_height=\u00bb1.1vw\u00bb module_alignment=\u00bbcenter\u00bb custom_margin=\u00bb|0px||0px|true|false\u00bb custom_padding=\u00bb0px|0px|4%|0px|false|false\u00bb scroll_horizontal_motion_enable=\u00bbon\u00bb scroll_horizontal_motion=\u00bb0|35|80|100|1|0|0&#8243; scroll_fade_enable=\u00bbon\u00bb scroll_fade=\u00bb0|35|80|100|0|100|100%\u00bb scroll_blur_enable=\u00bbon\u00bb scroll_blur=\u00bb0|35|80|100|10|0|0&#8243; motion_trigger_start=\u00bbtop\u00bb custom_css_main_element=\u00bbmax-width:50ch;\u00bb locked=\u00bboff\u00bb global_colors_info=\u00bb{}\u00bb]<\/p>\n<p><strong>Tajacol<\/strong> ha podido crecer y prosperar gracias a nuestra calidad, cumplimiento y \u00e9tica de trabajo. Tajacol est\u00e1 continuamente innovando productos premium para satisfacer las necesidades de todos sus clientes. Hemos planificado la introducci\u00f3n de productos que se elaboran con variedades exclusivas para conseguir la mejor calidad posible. Estamos orgullosos de ofrecer productos teniendo en cuenta su valor nutricional, as\u00ed como su sabor y calidad.<\/p>\n<p><strong>Tajacol<\/strong> se destaca por trabajar con agricultores y productores que nos abastecen de productos naturales de primera calidad. Nuestros granjeros y cultivadores tambi\u00e9n est\u00e1n comprometidos a ayudar a los trabajadores locales a prosperar y brindar condiciones de trabajo ideales.<\/p>\n<p>[\/et_pb_text][\/et_pb_column][et_pb_column type=\u00bb1_3&#8243; _builder_version=\u00bb4.18.0&#8243; _module_preset=\u00bbdefault\u00bb custom_padding=\u00bb|||2%|false|false\u00bb global_colors_info=\u00bb{}\u00bb][et_pb_image src=\u00bbhttp:\/\/tajacol.com\/wp-content\/uploads\/2022\/10\/leaves.webp\u00bb title_text=\u00bbleaves\u00bb align=\u00bbright\u00bb disabled_on=\u00bbon|on|off\u00bb _builder_version=\u00bb4.19.1&#8243; _module_preset=\u00bbdefault\u00bb positioning=\u00bbabsolute\u00bb vertical_offset=\u00bb-44%\u00bb z_index=\u00bb10&#8243; width_tablet=\u00bb\u00bb width_phone=\u00bb70%\u00bb width_last_edited=\u00bbon|phone\u00bb max_width=\u00bb40%\u00bb scroll_vertical_motion_enable=\u00bbon\u00bb scroll_vertical_motion=\u00bb0|50|50|100|-0.5|0|-1.5&#8243; global_colors_info=\u00bb{}\u00bb][\/et_pb_image][et_pb_image src=\u00bbhttp:\/\/tajacol.com\/wp-content\/uploads\/2022\/09\/circulo-1.webp\u00bb title_text=\u00bbcirculo-1&#8243; align_tablet=\u00bb\u00bb align_phone=\u00bbcenter\u00bb align_last_edited=\u00bbon|phone\u00bb disabled_on=\u00bboff|off|off\u00bb _builder_version=\u00bb4.19.1&#8243; _module_preset=\u00bbdefault\u00bb width_tablet=\u00bb\u00bb width_phone=\u00bb70%\u00bb width_last_edited=\u00bbon|phone\u00bb custom_margin_tablet=\u00bb\u00bb custom_margin_phone=\u00bb20px||20px||true|false\u00bb custom_margin_last_edited=\u00bbon|phone\u00bb scroll_rotating_enable=\u00bbon\u00bb scroll_rotating=\u00bb0|50|50|100|10\u00b0|0|-10\u00b0\u00bb global_colors_info=\u00bb{}\u00bb][\/et_pb_image][\/et_pb_column][et_pb_column type=\u00bb1_3&#8243; _builder_version=\u00bb4.18.0&#8243; _module_preset=\u00bbdefault\u00bb custom_padding=\u00bb|||2%|false|false\u00bb global_colors_info=\u00bb{}\u00bb][et_pb_image src=\u00bbhttp:\/\/tajacol.com\/wp-content\/uploads\/2022\/09\/im2-1.webp\u00bb title_text=\u00bbim2 (1)\u00bb align_tablet=\u00bb\u00bb align_phone=\u00bbcenter\u00bb align_last_edited=\u00bbon|phone\u00bb disabled_on=\u00bbon|on|off\u00bb _builder_version=\u00bb4.19.1&#8243; _module_preset=\u00bbdefault\u00bb width_tablet=\u00bb\u00bb width_phone=\u00bb70%\u00bb width_last_edited=\u00bbon|phone\u00bb custom_margin=\u00bb|-11%||-9%|false|false\u00bb scroll_rotating_enable=\u00bbon\u00bb scroll_rotating=\u00bb0|50|50|100|10\u00b0|0|-10\u00b0\u00bb module_alignment_tablet=\u00bb\u00bb module_alignment_phone=\u00bbcenter\u00bb module_alignment_last_edited=\u00bbon|phone\u00bb global_colors_info=\u00bb{}\u00bb][\/et_pb_image][\/et_pb_column][\/et_pb_row][\/et_pb_section]<\/p>\n","protected":false},"excerpt":{"rendered":"<p>Sobre NosotrosTajacol es una marca del sur de la Florida que comenz\u00f3 en 2011 con la idea de llevar al mercado productos de primera calidad a precios competitivos. Nuestro objetivo es tener productos que nuestros clientes est\u00e9n orgullosos de ofrecer y servir. Otro de nuestros principales objetivos fue desarrollar productos listos para usar y minimizar [&hellip;]<\/p>\n","protected":false},"author":1,"featured_media":3907,"parent":0,"menu_order":0,"comment_status":"closed","ping_status":"closed","template":"","meta":{"_et_pb_use_builder":"on","_et_pb_old_content":"","_et_gb_content_width":"","inline_featured_image":false,"footnotes":""},"class_list":["post-4140","page","type-page","status-publish","has-post-thumbnail","hentry"],"yoast_head":"<!-- This site is optimized with the Yoast SEO plugin v27.0 - https:\/\/yoast.com\/product\/yoast-seo-wordpress\/ -->\n<title>Sobre Nosotros - TajaCol<\/title>\n<meta name=\"description\" content=\"Tajacol es una marca del sur de la Florida que comenz\u00f3 con la idea de llevar al mercado productos de primera calidad a precios competitivos.\" \/>\n<meta name=\"robots\" content=\"index, follow, max-snippet:-1, max-image-preview:large, max-video-preview:-1\" \/>\n<link rel=\"canonical\" href=\"https:\/\/tajacol.com\/es\/sobre-nosotros\/\" \/>\n<meta property=\"og:locale\" content=\"es_ES\" \/>\n<meta property=\"og:type\" content=\"article\" \/>\n<meta property=\"og:title\" content=\"Sobre Nosotros - TajaCol\" \/>\n<meta property=\"og:description\" content=\"Tajacol es una marca del sur de la Florida que comenz\u00f3 con la idea de llevar al mercado productos de primera calidad a precios competitivos.\" \/>\n<meta property=\"og:url\" content=\"https:\/\/tajacol.com\/es\/sobre-nosotros\/\" \/>\n<meta property=\"og:site_name\" content=\"TajaCol\" \/>\n<meta property=\"article:modified_time\" content=\"2023-01-26T20:59:20+00:00\" \/>\n<meta property=\"og:image\" content=\"https:\/\/tajacol.com\/wp-content\/uploads\/2022\/12\/TAJACOL.jpg\" \/>\n\t<meta property=\"og:image:width\" content=\"1650\" \/>\n\t<meta property=\"og:image:height\" content=\"1275\" \/>\n\t<meta property=\"og:image:type\" content=\"image\/jpeg\" \/>\n<meta name=\"twitter:card\" content=\"summary_large_image\" \/>\n<meta name=\"twitter:label1\" content=\"Tiempo de lectura\" \/>\n\t<meta name=\"twitter:data1\" content=\"3 minutos\" \/>\n<script type=\"application\/ld+json\" class=\"yoast-schema-graph\">{\"@context\":\"https:\/\/schema.org\",\"@graph\":[{\"@type\":\"WebPage\",\"@id\":\"https:\/\/tajacol.com\/es\/sobre-nosotros\/\",\"url\":\"https:\/\/tajacol.com\/es\/sobre-nosotros\/\",\"name\":\"Sobre Nosotros - TajaCol\",\"isPartOf\":{\"@id\":\"https:\/\/tajacol.com\/es\/#website\"},\"primaryImageOfPage\":{\"@id\":\"https:\/\/tajacol.com\/es\/sobre-nosotros\/#primaryimage\"},\"image\":{\"@id\":\"https:\/\/tajacol.com\/es\/sobre-nosotros\/#primaryimage\"},\"thumbnailUrl\":\"https:\/\/tajacol.com\/wp-content\/uploads\/2022\/12\/TAJACOL.jpg\",\"datePublished\":\"2022-09-22T20:06:42+00:00\",\"dateModified\":\"2023-01-26T20:59:20+00:00\",\"description\":\"Tajacol es una marca del sur de la Florida que comenz\u00f3 con la idea de llevar al mercado productos de primera calidad a precios competitivos.\",\"breadcrumb\":{\"@id\":\"https:\/\/tajacol.com\/es\/sobre-nosotros\/#breadcrumb\"},\"inLanguage\":\"es\",\"potentialAction\":[{\"@type\":\"ReadAction\",\"target\":[\"https:\/\/tajacol.com\/es\/sobre-nosotros\/\"]}]},{\"@type\":\"ImageObject\",\"inLanguage\":\"es\",\"@id\":\"https:\/\/tajacol.com\/es\/sobre-nosotros\/#primaryimage\",\"url\":\"https:\/\/tajacol.com\/wp-content\/uploads\/2022\/12\/TAJACOL.jpg\",\"contentUrl\":\"https:\/\/tajacol.com\/wp-content\/uploads\/2022\/12\/TAJACOL.jpg\",\"width\":1650,\"height\":1275},{\"@type\":\"BreadcrumbList\",\"@id\":\"https:\/\/tajacol.com\/es\/sobre-nosotros\/#breadcrumb\",\"itemListElement\":[{\"@type\":\"ListItem\",\"position\":1,\"name\":\"Portada\",\"item\":\"https:\/\/tajacol.com\/es\/\"},{\"@type\":\"ListItem\",\"position\":2,\"name\":\"Sobre Nosotros\"}]},{\"@type\":\"WebSite\",\"@id\":\"https:\/\/tajacol.com\/es\/#website\",\"url\":\"https:\/\/tajacol.com\/es\/\",\"name\":\"TajaCol\",\"description\":\"La calidad es nuestra pasi\u00f3n, los productos naturales nuestro enfoque.\",\"publisher\":{\"@id\":\"https:\/\/tajacol.com\/es\/#organization\"},\"alternateName\":\"Express Produce Corp\",\"potentialAction\":[{\"@type\":\"SearchAction\",\"target\":{\"@type\":\"EntryPoint\",\"urlTemplate\":\"https:\/\/tajacol.com\/es\/?s={search_term_string}\"},\"query-input\":{\"@type\":\"PropertyValueSpecification\",\"valueRequired\":true,\"valueName\":\"search_term_string\"}}],\"inLanguage\":\"es\"},{\"@type\":\"Organization\",\"@id\":\"https:\/\/tajacol.com\/es\/#organization\",\"name\":\"TajaCol\",\"alternateName\":\"Express Produce Corp\",\"url\":\"https:\/\/tajacol.com\/es\/\",\"logo\":{\"@type\":\"ImageObject\",\"inLanguage\":\"es\",\"@id\":\"https:\/\/tajacol.com\/es\/#\/schema\/logo\/image\/\",\"url\":\"http:\/\/tajacol.com\/wp-content\/uploads\/2022\/12\/TAJACOL.jpg\",\"contentUrl\":\"http:\/\/tajacol.com\/wp-content\/uploads\/2022\/12\/TAJACOL.jpg\",\"width\":1650,\"height\":1275,\"caption\":\"TajaCol\"},\"image\":{\"@id\":\"https:\/\/tajacol.com\/es\/#\/schema\/logo\/image\/\"},\"sameAs\":[\"https:\/\/www.instagram.com\/tajacol\/\"]}]}<\/script>\n<!-- \/ Yoast SEO plugin. -->","yoast_head_json":{"title":"Sobre Nosotros - TajaCol","description":"Tajacol es una marca del sur de la Florida que comenz\u00f3 con la idea de llevar al mercado productos de primera calidad a precios competitivos.","robots":{"index":"index","follow":"follow","max-snippet":"max-snippet:-1","max-image-preview":"max-image-preview:large","max-video-preview":"max-video-preview:-1"},"canonical":"https:\/\/tajacol.com\/es\/sobre-nosotros\/","og_locale":"es_ES","og_type":"article","og_title":"Sobre Nosotros - TajaCol","og_description":"Tajacol es una marca del sur de la Florida que comenz\u00f3 con la idea de llevar al mercado productos de primera calidad a precios competitivos.","og_url":"https:\/\/tajacol.com\/es\/sobre-nosotros\/","og_site_name":"TajaCol","article_modified_time":"2023-01-26T20:59:20+00:00","og_image":[{"width":1650,"height":1275,"url":"https:\/\/tajacol.com\/wp-content\/uploads\/2022\/12\/TAJACOL.jpg","type":"image\/jpeg"}],"twitter_card":"summary_large_image","twitter_misc":{"Tiempo de lectura":"3 minutos"},"schema":{"@context":"https:\/\/schema.org","@graph":[{"@type":"WebPage","@id":"https:\/\/tajacol.com\/es\/sobre-nosotros\/","url":"https:\/\/tajacol.com\/es\/sobre-nosotros\/","name":"Sobre Nosotros - TajaCol","isPartOf":{"@id":"https:\/\/tajacol.com\/es\/#website"},"primaryImageOfPage":{"@id":"https:\/\/tajacol.com\/es\/sobre-nosotros\/#primaryimage"},"image":{"@id":"https:\/\/tajacol.com\/es\/sobre-nosotros\/#primaryimage"},"thumbnailUrl":"https:\/\/tajacol.com\/wp-content\/uploads\/2022\/12\/TAJACOL.jpg","datePublished":"2022-09-22T20:06:42+00:00","dateModified":"2023-01-26T20:59:20+00:00","description":"Tajacol es una marca del sur de la Florida que comenz\u00f3 con la idea de llevar al mercado productos de primera calidad a precios competitivos.","breadcrumb":{"@id":"https:\/\/tajacol.com\/es\/sobre-nosotros\/#breadcrumb"},"inLanguage":"es","potentialAction":[{"@type":"ReadAction","target":["https:\/\/tajacol.com\/es\/sobre-nosotros\/"]}]},{"@type":"ImageObject","inLanguage":"es","@id":"https:\/\/tajacol.com\/es\/sobre-nosotros\/#primaryimage","url":"https:\/\/tajacol.com\/wp-content\/uploads\/2022\/12\/TAJACOL.jpg","contentUrl":"https:\/\/tajacol.com\/wp-content\/uploads\/2022\/12\/TAJACOL.jpg","width":1650,"height":1275},{"@type":"BreadcrumbList","@id":"https:\/\/tajacol.com\/es\/sobre-nosotros\/#breadcrumb","itemListElement":[{"@type":"ListItem","position":1,"name":"Portada","item":"https:\/\/tajacol.com\/es\/"},{"@type":"ListItem","position":2,"name":"Sobre Nosotros"}]},{"@type":"WebSite","@id":"https:\/\/tajacol.com\/es\/#website","url":"https:\/\/tajacol.com\/es\/","name":"TajaCol","description":"La calidad es nuestra pasi\u00f3n, los productos naturales nuestro enfoque.","publisher":{"@id":"https:\/\/tajacol.com\/es\/#organization"},"alternateName":"Express Produce Corp","potentialAction":[{"@type":"SearchAction","target":{"@type":"EntryPoint","urlTemplate":"https:\/\/tajacol.com\/es\/?s={search_term_string}"},"query-input":{"@type":"PropertyValueSpecification","valueRequired":true,"valueName":"search_term_string"}}],"inLanguage":"es"},{"@type":"Organization","@id":"https:\/\/tajacol.com\/es\/#organization","name":"TajaCol","alternateName":"Express Produce Corp","url":"https:\/\/tajacol.com\/es\/","logo":{"@type":"ImageObject","inLanguage":"es","@id":"https:\/\/tajacol.com\/es\/#\/schema\/logo\/image\/","url":"http:\/\/tajacol.com\/wp-content\/uploads\/2022\/12\/TAJACOL.jpg","contentUrl":"http:\/\/tajacol.com\/wp-content\/uploads\/2022\/12\/TAJACOL.jpg","width":1650,"height":1275,"caption":"TajaCol"},"image":{"@id":"https:\/\/tajacol.com\/es\/#\/schema\/logo\/image\/"},"sameAs":["https:\/\/www.instagram.com\/tajacol\/"]}]}},"_links":{"self":[{"href":"https:\/\/tajacol.com\/es\/wp-json\/wp\/v2\/pages\/4140","targetHints":{"allow":["GET"]}}],"collection":[{"href":"https:\/\/tajacol.com\/es\/wp-json\/wp\/v2\/pages"}],"about":[{"href":"https:\/\/tajacol.com\/es\/wp-json\/wp\/v2\/types\/page"}],"author":[{"embeddable":true,"href":"https:\/\/tajacol.com\/es\/wp-json\/wp\/v2\/users\/1"}],"replies":[{"embeddable":true,"href":"https:\/\/tajacol.com\/es\/wp-json\/wp\/v2\/comments?post=4140"}],"version-history":[{"count":0,"href":"https:\/\/tajacol.com\/es\/wp-json\/wp\/v2\/pages\/4140\/revisions"}],"wp:featuredmedia":[{"embeddable":true,"href":"https:\/\/tajacol.com\/es\/wp-json\/wp\/v2\/media\/3907"}],"wp:attachment":[{"href":"https:\/\/tajacol.com\/es\/wp-json\/wp\/v2\/media?parent=4140"}],"curies":[{"name":"wp","href":"https:\/\/api.w.org\/{rel}","templated":true}]}}