{"id":4046,"date":"2022-12-14T21:10:56","date_gmt":"2022-12-14T21:10:56","guid":{"rendered":"https:\/\/tajacol.com\/croquetas-cubanas\/"},"modified":"2024-05-08T20:32:55","modified_gmt":"2024-05-08T20:32:55","slug":"croquetas-cubanas","status":"publish","type":"page","link":"https:\/\/tajacol.com\/es\/productos\/croquetas-cubanas\/","title":{"rendered":"Croquetas Cubanas"},"content":{"rendered":"<p>[et_pb_section fb_built=\u00bb1&#8243; admin_label=\u00bbInicio\u00bb _builder_version=\u00bb4.19.1&#8243; _module_preset=\u00bbdefault\u00bb background_image=\u00bbhttp:\/\/tajacol.com\/wp-content\/uploads\/2022\/12\/bg-1-2-scaled.webp\u00bb custom_margin=\u00bb0px|0px||0px|false|true\u00bb custom_padding=\u00bb0px|0px|0px|0px|true|true\u00bb animation_style=\u00bbfade\u00bb scroll_fade=\u00bb0|50|50|79|100%|100|0%\u00bb motion_trigger_start=\u00bbbottom\u00bb border_color_bottom=\u00bb#f59c00&#8243; locked=\u00bboff\u00bb global_colors_info=\u00bb{}\u00bb][et_pb_row _builder_version=\u00bb4.18.0&#8243; _module_preset=\u00bbdefault\u00bb width=\u00bb76%\u00bb max_width=\u00bb76%\u00bb custom_margin=\u00bb0px||||false|false\u00bb custom_padding=\u00bb0px||0px||true|false\u00bb global_colors_info=\u00bb{}\u00bb][et_pb_column type=\u00bb4_4&#8243; admin_label=\u00bbColumna\u00bb _builder_version=\u00bb4.18.0&#8243; _module_preset=\u00bbdefault\u00bb custom_padding=\u00bb0px||0px||true|false\u00bb global_colors_info=\u00bb{}\u00bb][et_pb_text admin_label=\u00bbTexto\u00bb _builder_version=\u00bb4.19.4&#8243; _module_preset=\u00bb_initial\u00bb text_text_color=\u00bb#339933&#8243; header_text_align=\u00bbcenter\u00bb header_text_color=\u00bb#5e3200&#8243; custom_margin=\u00bb0px||-2%||false|false\u00bb custom_margin_tablet=\u00bb8%||0%||false|false\u00bb custom_margin_phone=\u00bb8%||0%||false|false\u00bb custom_margin_last_edited=\u00bbon|phone\u00bb custom_padding=\u00bb0px|0px|0px|0px|true|true\u00bb scroll_horizontal_motion_enable=\u00bbon\u00bb scroll_horizontal_motion=\u00bb0|35|80|100|0.5|0|0&#8243; scroll_fade_enable=\u00bbon\u00bb scroll_fade=\u00bb0|35|80|100|0|100|100%\u00bb scroll_blur_enable=\u00bbon\u00bb scroll_blur=\u00bb0|35|80|100|20px|0px|0px\u00bb motion_trigger_start=\u00bbtop\u00bb locked=\u00bboff\u00bb global_colors_info=\u00bb{}\u00bb]<\/p>\n<h1>Croquetas Cubanas<\/h1>\n<p>[\/et_pb_text][\/et_pb_column][\/et_pb_row][et_pb_row column_structure=\u00bb2_5,3_5&#8243; _builder_version=\u00bb4.19.1&#8243; _module_preset=\u00bbdefault\u00bb positioning=\u00bbnone\u00bb z_index=\u00bb0&#8243; width=\u00bb76%\u00bb width_tablet=\u00bb76%\u00bb width_phone=\u00bb100%\u00bb width_last_edited=\u00bbon|phone\u00bb max_width=\u00bb76%\u00bb max_width_tablet=\u00bb76%\u00bb max_width_phone=\u00bb100%\u00bb max_width_last_edited=\u00bbon|phone\u00bb module_alignment=\u00bbcenter\u00bb custom_margin=\u00bb0px|0px|0px|0px|true|true\u00bb custom_padding=\u00bb0px|0px|0px|0px|true|true\u00bb global_colors_info=\u00bb{}\u00bb][et_pb_column type=\u00bb2_5&#8243; _builder_version=\u00bb4.18.0&#8243; _module_preset=\u00bbdefault\u00bb z_index=\u00bb-1&#8243; custom_padding=\u00bb0px|0px|0px|0px|true|true\u00bb global_colors_info=\u00bb{}\u00bb][\/et_pb_column][et_pb_column type=\u00bb3_5&#8243; _builder_version=\u00bb4.18.0&#8243; _module_preset=\u00bbdefault\u00bb z_index=\u00bb0&#8243; custom_padding=\u00bb0px|0px|0px|0px|true|true\u00bb custom_css_main_element=\u00bbz-index:0 !important;\u00bb global_colors_info=\u00bb{}\u00bb][et_pb_image src=\u00bbhttp:\/\/tajacol.com\/wp-content\/uploads\/2022\/12\/ccroq.webp\u00bb title_text=\u00bbccroq\u00bb admin_label=\u00bbImagen\u00bb _builder_version=\u00bb4.19.1&#8243; _module_preset=\u00bbdefault\u00bb position_origin_a=\u00bbbottom_right\u00bb z_index=\u00bb-8&#8243; width=\u00bb52%\u00bb max_width=\u00bb52%\u00bb module_alignment=\u00bbright\u00bb height=\u00bb100%\u00bb max_height=\u00bb100%\u00bb custom_margin=\u00bb0px|0px|0%|0px|false|true\u00bb custom_padding=\u00bb0px|0px|0px|0px|true|true\u00bb module_alignment_tablet=\u00bbcenter\u00bb module_alignment_phone=\u00bbcenter\u00bb module_alignment_last_edited=\u00bbon|tablet\u00bb global_colors_info=\u00bb{}\u00bb][\/et_pb_image][\/et_pb_column][\/et_pb_row][et_pb_row disabled_on=\u00bbon|on|off\u00bb _builder_version=\u00bb4.18.0&#8243; _module_preset=\u00bbdefault\u00bb width=\u00bb76%\u00bb max_width=\u00bb76%\u00bb max_height=\u00bb0px\u00bb custom_margin=\u00bb0px||0px||true|false\u00bb custom_padding=\u00bb0px||0px||true|false\u00bb global_colors_info=\u00bb{}\u00bb][et_pb_column type=\u00bb4_4&#8243; _builder_version=\u00bb4.18.0&#8243; _module_preset=\u00bbdefault\u00bb custom_padding=\u00bb0px|0px|0px|0px|true|true\u00bb global_colors_info=\u00bb{}\u00bb][et_pb_image src=\u00bbhttp:\/\/tajacol.com\/wp-content\/uploads\/2022\/12\/croquettes.webp\u00bb title_text=\u00bbcroquettes\u00bb _builder_version=\u00bb4.19.1&#8243; _module_preset=\u00bbdefault\u00bb background_enable_color=\u00bboff\u00bb positioning=\u00bbabsolute\u00bb position_origin_a=\u00bbbottom_left\u00bb horizontal_offset=\u00bb-4%\u00bb z_index=\u00bb4&#8243; width=\u00bb35%\u00bb max_width=\u00bb35%\u00bb custom_margin=\u00bb0px||-1%|10%|false|false\u00bb custom_padding=\u00bb0px|0px|0px|0px|false|false\u00bb animation_style=\u00bbfade\u00bb global_colors_info=\u00bb{}\u00bb][\/et_pb_image][et_pb_image src=\u00bbhttp:\/\/tajacol.com\/wp-content\/uploads\/2022\/10\/background-2-1.webp\u00bb title_text=\u00bbbackground (2)\u00bb _builder_version=\u00bb4.18.0&#8243; _module_preset=\u00bbdefault\u00bb background_enable_color=\u00bboff\u00bb positioning=\u00bbabsolute\u00bb position_origin_a=\u00bbbottom_left\u00bb horizontal_offset=\u00bb-4%\u00bb z_index=\u00bb-7&#8243; width=\u00bb58%\u00bb max_width=\u00bb54%\u00bb custom_margin=\u00bb0px||0px||false|false\u00bb custom_padding=\u00bb0px|0px|0px|0px|false|false\u00bb animation_style=\u00bbfade\u00bb scroll_scaling_enable=\u00bbon\u00bb scroll_scaling=\u00bb0|50|50|100|100%|100|120%\u00bb global_colors_info=\u00bb{}\u00bb][\/et_pb_image][\/et_pb_column][\/et_pb_row][\/et_pb_section][et_pb_section fb_built=\u00bb1&#8243; admin_label=\u00bbDescription\u00bb _builder_version=\u00bb4.19.1&#8243; _module_preset=\u00bbdefault\u00bb background_color=\u00bb#FFFFFF\u00bb custom_margin=\u00bb0px||0px||true|false\u00bb custom_padding=\u00bb0px||0px||true|false\u00bb border_width_top=\u00bb10px\u00bb border_color_top=\u00bb#f19a01&#8243; locked=\u00bboff\u00bb global_colors_info=\u00bb{}\u00bb][et_pb_row custom_padding_last_edited=\u00bbon|tablet\u00bb _builder_version=\u00bb4.18.0&#8243; _module_preset=\u00bbdefault\u00bb z_index=\u00bb1&#8243; width=\u00bb76%\u00bb width_tablet=\u00bb100%\u00bb width_phone=\u00bb100%\u00bb width_last_edited=\u00bbon|tablet\u00bb max_width=\u00bb76%\u00bb max_width_tablet=\u00bb100%\u00bb max_width_phone=\u00bb100%\u00bb max_width_last_edited=\u00bbon|tablet\u00bb module_alignment=\u00bbcenter\u00bb custom_margin=\u00bb||||true|false\u00bb custom_padding=\u00bb2%||2%||true|false\u00bb custom_padding_tablet=\u00bb2%|20px|2%|20px|true|true\u00bb custom_padding_phone=\u00bb2%|20px|2%|20px|true|true\u00bb custom_css_main_element=\u00bbdisplay:flex;||justify-content:center;||align-items:center;\u00bb global_colors_info=\u00bb{}\u00bb custom_css_main_element_last_edited=\u00bbon|phone\u00bb custom_css_main_element_phone=\u00bbdisplay:flex;||flex-direction:column;\u00bb custom_css_main_element_tablet=\u00bbdisplay:flex;||justify-content:center;||align-items:center;\u00bb][et_pb_column type=\u00bb4_4&#8243; _builder_version=\u00bb4.19.1&#8243; _module_preset=\u00bbdefault\u00bb custom_padding=\u00bb||1rem||false|false\u00bb global_colors_info=\u00bb{}\u00bb][et_pb_text _builder_version=\u00bb4.24.3&#8243; _module_preset=\u00bb46a004e3-bab6-49f7-bdb3-8a5fe1820074&#8243; text_text_color=\u00bb#3d2002&#8243; text_orientation=\u00bbcenter\u00bb width=\u00bb70%\u00bb width_tablet=\u00bb70%\u00bb width_phone=\u00bb100%\u00bb width_last_edited=\u00bbon|tablet\u00bb module_alignment=\u00bbcenter\u00bb custom_margin=\u00bb|0px||0px|true|false\u00bb custom_padding=\u00bb2%|0px|0%|0px|false|false\u00bb custom_padding_tablet=\u00bb2%|0px|0%|0px|false|false\u00bb custom_padding_phone=\u00bb|20px||20px|false|true\u00bb custom_padding_last_edited=\u00bbon|phone\u00bb scroll_vertical_motion_enable=\u00bbon\u00bb scroll_vertical_motion=\u00bb0|50|50|100|1|0|0&#8243; scroll_horizontal_motion=\u00bb0|35|80|100|1|0|0&#8243; scroll_fade_enable=\u00bbon\u00bb scroll_fade=\u00bb0|35|80|100|0|100|100%\u00bb scroll_blur_enable=\u00bbon\u00bb scroll_blur=\u00bb0|35|80|100|10|0|0&#8243; motion_trigger_start=\u00bbtop\u00bb custom_css_main_element=\u00bbmax-width:100%;\u00bb locked=\u00bboff\u00bb global_colors_info=\u00bb{}\u00bb]<\/p>\n<p>Nuestras croquetas est\u00e1n elaboradas siguiendo una aut\u00e9ntica receta cubana. Utilizamos ingredientes de la m\u00e1s alta calidad para asegurar un producto de categor\u00eda premium. Cada una de nuestras croquetas se caracteriza por mantener los sabores y caracter\u00edsticas tradicionales, como el jam\u00f3n, pescado, pollo, queso, chorizo y espinaca. En Tajacol, nos esforzamos por preservar la autenticidad de las croquetas cubanas, garantizando una experiencia culinaria \u00fanica.<\/p>\n<p>[\/et_pb_text][\/et_pb_column][\/et_pb_row][\/et_pb_section][et_pb_section fb_built=\u00bb1&#8243; specialty=\u00bbon\u00bb custom_padding_last_edited=\u00bbon|tablet\u00bb padding_top_1=\u00bb0px\u00bb padding_top_2=\u00bb0px\u00bb padding_right_1=\u00bb0px\u00bb padding_right_2=\u00bb0px\u00bb padding_bottom_1=\u00bb0px\u00bb padding_bottom_2=\u00bb0px\u00bb padding_left_1=\u00bb0px\u00bb padding_left_2=\u00bb0px\u00bb padding_top_bottom_link_1=\u00bbtrue\u00bb padding_top_bottom_link_2=\u00bbtrue\u00bb padding_left_right_link_1=\u00bbtrue\u00bb padding_left_right_link_2=\u00bbtrue\u00bb module_class_1=\u00bbicecream-items slider\u00bb _builder_version=\u00bb4.18.0&#8243; _module_preset=\u00bbdefault\u00bb background_color=\u00bb#e9e9e9&#8243; module_alignment=\u00bbcenter\u00bb inner_width=\u00bb76%\u00bb inner_width_tablet=\u00bb100%\u00bb inner_width_phone=\u00bb100%\u00bb inner_width_last_edited=\u00bbon|tablet\u00bb inner_max_width=\u00bb76%\u00bb inner_max_width_tablet=\u00bb100%\u00bb inner_max_width_phone=\u00bb100%\u00bb inner_max_width_last_edited=\u00bbon|tablet\u00bb inner_module_alignment=\u00bbcenter\u00bb custom_margin=\u00bb0px|0px|0px|0px|true|true\u00bb custom_padding=\u00bb1.6%|0px|1.6%|0px|true|true\u00bb custom_padding_tablet=\u00bb30px|20px|30px|20px|true|true\u00bb custom_padding_phone=\u00bb30px|20px|30px|20px|true|true\u00bb custom_css_main_element=\u00bbdisplay:flex;||justify-content:center;||align-items:center;\u00bb locked=\u00bboff\u00bb global_colors_info=\u00bb{}\u00bb][et_pb_column type=\u00bb1_3&#8243; _builder_version=\u00bb4.16&#8243; custom_padding=\u00bb|||\u00bb global_colors_info=\u00bb{}\u00bb custom_padding__hover=\u00bb|||\u00bb][et_pb_image src=\u00bbhttp:\/\/tajacol.com\/wp-content\/uploads\/2022\/12\/croquettes-2.webp\u00bb title_text=\u00bbcroquettes-2&#8243; _builder_version=\u00bb4.19.1&#8243; _module_preset=\u00bbdefault\u00bb width=\u00bb124%\u00bb width_tablet=\u00bb50%\u00bb width_phone=\u00bb70%\u00bb width_last_edited=\u00bbon|desktop\u00bb max_width=\u00bb124%\u00bb max_width_tablet=\u00bb50%\u00bb max_width_phone=\u00bb90%\u00bb max_width_last_edited=\u00bbon|tablet\u00bb module_alignment=\u00bbcenter\u00bb custom_margin=\u00bb15%||10%||false|true\u00bb custom_margin_tablet=\u00bb0%||||false|true\u00bb custom_margin_phone=\u00bb0%||0px||false|true\u00bb custom_margin_last_edited=\u00bbon|tablet\u00bb custom_padding=\u00bb0px|0px|0px|0px|false|true\u00bb scroll_vertical_motion=\u00bb0|50|50|100|-1|0|-1&#8243; scroll_horizontal_motion_enable=\u00bbon\u00bb scroll_horizontal_motion=\u00bb0|35|75|100|-1|0|-1&#8243; scroll_horizontal_motion_tablet=\u00bb0|35|75|100|-1|0|-1&#8243; scroll_horizontal_motion_phone=\u00bb0|35|75|100|0|0|0&#8243; scroll_horizontal_motion_last_edited=\u00bbon|phone\u00bb global_colors_info=\u00bb{}\u00bb][\/et_pb_image][\/et_pb_column][et_pb_column type=\u00bb2_3&#8243; specialty_columns=\u00bb2&#8243; _builder_version=\u00bb4.16&#8243; custom_padding=\u00bb|||\u00bb global_colors_info=\u00bb{}\u00bb custom_padding__hover=\u00bb|||\u00bb][et_pb_row_inner _builder_version=\u00bb4.23&#8243; _module_preset=\u00bbdefault\u00bb custom_margin=\u00bb|0px||0px|false|true\u00bb custom_margin_tablet=\u00bb7%|0px||0px|false|true\u00bb custom_margin_phone=\u00bb0%|0px||0px|false|true\u00bb custom_margin_last_edited=\u00bbon|phone\u00bb custom_padding=\u00bb1.6%|0px|1.6%|0px|true|true\u00bb global_colors_info=\u00bb{}\u00bb][et_pb_column_inner saved_specialty_column_type=\u00bb2_3&#8243; _builder_version=\u00bb4.18.0&#8243; _module_preset=\u00bbdefault\u00bb global_colors_info=\u00bb{}\u00bb][et_pb_image src=\u00bbhttp:\/\/tajacol.com\/wp-content\/uploads\/2024\/05\/Mock-up-CAJA-CROQUETAS-CUBANAS.png\u00bb title_text=\u00bbMock-up-CAJA-CROQUETAS-CUBANAS\u00bb disabled_on=\u00bbon|on|off\u00bb _builder_version=\u00bb4.24.3&#8243; _module_preset=\u00bbdefault\u00bb width=\u00bb30%\u00bb max_width=\u00bb30%\u00bb custom_margin=\u00bb0px||0px||true|false\u00bb custom_padding=\u00bb0px||0px||true|false\u00bb scroll_horizontal_motion=\u00bb0|35|75|100|-1|0|0&#8243; hover_enabled=\u00bb0&#8243; locked=\u00bboff\u00bb global_colors_info=\u00bb{}\u00bb sticky_enabled=\u00bb0&#8243;][\/et_pb_image][et_pb_text admin_label=\u00bbTexto\u00bb _builder_version=\u00bb4.24.3&#8243; _module_preset=\u00bbc16985e1-e0d6-4022-964d-e2bfc04fa633&#8243; text_text_color=\u00bb#339933&#8243; header_text_color=\u00bb#5e3200&#8243; custom_margin=\u00bb0%||0%||false|false\u00bb custom_padding=\u00bb0px|0px|0px|0px|true|true\u00bb scroll_horizontal_motion_enable=\u00bbon\u00bb scroll_horizontal_motion=\u00bb0|35|80|100|0.5|0|0&#8243; scroll_fade_enable=\u00bbon\u00bb scroll_fade=\u00bb0|35|80|100|0|100|100%\u00bb scroll_blur_enable=\u00bbon\u00bb scroll_blur=\u00bb0|35|80|100|20px|0px|0px\u00bb motion_trigger_start=\u00bbtop\u00bb header_text_align_tablet=\u00bbcenter\u00bb header_text_align_phone=\u00bbcenter\u00bb header_text_align_last_edited=\u00bbon|tablet\u00bb header_font_size_phone=\u00bb18px\u00bb header_line_height_phone=\u00bb22px\u00bb locked=\u00bboff\u00bb global_colors_info=\u00bb{}\u00bb]<\/p>\n<h1>Croquetas Cubanas<\/h1>\n<p>[\/et_pb_text][et_pb_text admin_label=\u00bbTexto\u00bb _builder_version=\u00bb4.24.3&#8243; _module_preset=\u00bb46a004e3-bab6-49f7-bdb3-8a5fe1820074&#8243; text_text_color=\u00bb#5e3200&#8243; header_text_color=\u00bb#5e3200&#8243; module_alignment=\u00bbcenter\u00bb custom_margin=\u00bb0%|0px|0%|0px|true|false\u00bb custom_padding=\u00bb0px|0px|1%|0px|false|false\u00bb scroll_horizontal_motion_enable=\u00bbon\u00bb scroll_horizontal_motion=\u00bb0|35|80|100|1|0|0&#8243; scroll_fade_enable=\u00bbon\u00bb scroll_fade=\u00bb0|35|80|100|0|100|100%\u00bb scroll_blur_enable=\u00bbon\u00bb scroll_blur=\u00bb0|35|80|100|10|0|0&#8243; motion_trigger_start=\u00bbtop\u00bb custom_css_main_element=\u00bbmax-width:50ch;\u00bb locked=\u00bboff\u00bb global_colors_info=\u00bb{}\u00bb]<\/p>\n<p>Empaque:<br \/>1.8 oz (108 por caja)<br \/>1.1 oz (200 por caja)<br \/>0.9 oz (240 por caja)<\/p>\n<p>[\/et_pb_text][ba_logo_grid column_count=\u00bb5&#8243; grid_gap=\u00bb2%\u00bb image_hover=\u00bbzoom_out\u00bb column_count_tablet=\u00bb6&#8243; column_count_phone=\u00bb4&#8243; column_count_last_edited=\u00bbon|phone\u00bb _builder_version=\u00bb4.24.3&#8243; _module_preset=\u00bbdefault\u00bb custom_margin=\u00bb||-3px|||\u00bb hover_enabled=\u00bb0&#8243; locked=\u00bboff\u00bb global_colors_info=\u00bb{}\u00bb sticky_enabled=\u00bb0&#8243;][ba_logo_grid_child logo_url=\u00bbhttp:\/\/tajacol.com\/wp-content\/uploads\/2023\/12\/made_in_miami-removebg-preview.svg\u00bb brand_name=\u00bbSoft and 100% Natural\u00bb _builder_version=\u00bb4.23&#8243; _module_preset=\u00bbdefault\u00bb custom_margin=\u00bb|-19%||-19%|false|true\u00bb custom_padding=\u00bb||||false|true\u00bb global_colors_info=\u00bb{}\u00bb][\/ba_logo_grid_child][\/ba_logo_grid][\/et_pb_column_inner][\/et_pb_row_inner][\/et_pb_column][\/et_pb_section]<\/p>\n","protected":false},"excerpt":{"rendered":"<p>Croquetas CubanasNuestras croquetas est\u00e1n elaboradas siguiendo una aut\u00e9ntica receta cubana. Utilizamos ingredientes de la m\u00e1s alta calidad para asegurar un producto de categor\u00eda premium. Cada una de nuestras croquetas se caracteriza por mantener los sabores y caracter\u00edsticas tradicionales, como el jam\u00f3n, pescado, pollo, queso, chorizo y espinaca. En Tajacol, nos esforzamos por preservar la autenticidad [&hellip;]<\/p>\n","protected":false},"author":1,"featured_media":3907,"parent":4049,"menu_order":0,"comment_status":"closed","ping_status":"closed","template":"","meta":{"_et_pb_use_builder":"on","_et_pb_old_content":"","_et_gb_content_width":"","inline_featured_image":false,"footnotes":""},"class_list":["post-4046","page","type-page","status-publish","has-post-thumbnail","hentry"],"yoast_head":"<!-- This site is optimized with the Yoast SEO plugin v27.0 - https:\/\/yoast.com\/product\/yoast-seo-wordpress\/ -->\n<title>Croquetas Cubanas - TajaCol<\/title>\n<meta name=\"description\" content=\"Las croquetas Tajacol se preparan con la aut\u00e9ntica receta cubana. Usando ingredientes de la mejor calidad.\" \/>\n<meta name=\"robots\" content=\"index, follow, max-snippet:-1, max-image-preview:large, max-video-preview:-1\" \/>\n<link rel=\"canonical\" href=\"https:\/\/tajacol.com\/es\/productos\/croquetas-cubanas\/\" \/>\n<meta property=\"og:locale\" content=\"es_ES\" \/>\n<meta property=\"og:type\" content=\"article\" \/>\n<meta property=\"og:title\" content=\"Croquetas Cubanas - TajaCol\" \/>\n<meta property=\"og:description\" content=\"Las croquetas Tajacol se preparan con la aut\u00e9ntica receta cubana. Usando ingredientes de la mejor calidad.\" \/>\n<meta property=\"og:url\" content=\"https:\/\/tajacol.com\/es\/productos\/croquetas-cubanas\/\" \/>\n<meta property=\"og:site_name\" content=\"TajaCol\" \/>\n<meta property=\"article:modified_time\" content=\"2024-05-08T20:32:55+00:00\" \/>\n<meta property=\"og:image\" content=\"https:\/\/tajacol.com\/wp-content\/uploads\/2022\/12\/TAJACOL.jpg\" \/>\n\t<meta property=\"og:image:width\" content=\"1650\" \/>\n\t<meta property=\"og:image:height\" content=\"1275\" \/>\n\t<meta property=\"og:image:type\" content=\"image\/jpeg\" \/>\n<meta name=\"twitter:card\" content=\"summary_large_image\" \/>\n<meta name=\"twitter:label1\" content=\"Tiempo de lectura\" \/>\n\t<meta name=\"twitter:data1\" content=\"2 minutos\" \/>\n<script type=\"application\/ld+json\" class=\"yoast-schema-graph\">{\"@context\":\"https:\/\/schema.org\",\"@graph\":[{\"@type\":\"WebPage\",\"@id\":\"https:\/\/tajacol.com\/es\/productos\/croquetas-cubanas\/\",\"url\":\"https:\/\/tajacol.com\/es\/productos\/croquetas-cubanas\/\",\"name\":\"Croquetas Cubanas - TajaCol\",\"isPartOf\":{\"@id\":\"https:\/\/tajacol.com\/es\/#website\"},\"primaryImageOfPage\":{\"@id\":\"https:\/\/tajacol.com\/es\/productos\/croquetas-cubanas\/#primaryimage\"},\"image\":{\"@id\":\"https:\/\/tajacol.com\/es\/productos\/croquetas-cubanas\/#primaryimage\"},\"thumbnailUrl\":\"https:\/\/tajacol.com\/wp-content\/uploads\/2022\/12\/TAJACOL.jpg\",\"datePublished\":\"2022-12-14T21:10:56+00:00\",\"dateModified\":\"2024-05-08T20:32:55+00:00\",\"description\":\"Las croquetas Tajacol se preparan con la aut\u00e9ntica receta cubana. Usando ingredientes de la mejor calidad.\",\"breadcrumb\":{\"@id\":\"https:\/\/tajacol.com\/es\/productos\/croquetas-cubanas\/#breadcrumb\"},\"inLanguage\":\"es\",\"potentialAction\":[{\"@type\":\"ReadAction\",\"target\":[\"https:\/\/tajacol.com\/es\/productos\/croquetas-cubanas\/\"]}]},{\"@type\":\"ImageObject\",\"inLanguage\":\"es\",\"@id\":\"https:\/\/tajacol.com\/es\/productos\/croquetas-cubanas\/#primaryimage\",\"url\":\"https:\/\/tajacol.com\/wp-content\/uploads\/2022\/12\/TAJACOL.jpg\",\"contentUrl\":\"https:\/\/tajacol.com\/wp-content\/uploads\/2022\/12\/TAJACOL.jpg\",\"width\":1650,\"height\":1275},{\"@type\":\"BreadcrumbList\",\"@id\":\"https:\/\/tajacol.com\/es\/productos\/croquetas-cubanas\/#breadcrumb\",\"itemListElement\":[{\"@type\":\"ListItem\",\"position\":1,\"name\":\"Portada\",\"item\":\"https:\/\/tajacol.com\/es\/\"},{\"@type\":\"ListItem\",\"position\":2,\"name\":\"Productos\",\"item\":\"https:\/\/tajacol.com\/es\/productos\/\"},{\"@type\":\"ListItem\",\"position\":3,\"name\":\"Croquetas Cubanas\"}]},{\"@type\":\"WebSite\",\"@id\":\"https:\/\/tajacol.com\/es\/#website\",\"url\":\"https:\/\/tajacol.com\/es\/\",\"name\":\"TajaCol\",\"description\":\"La calidad es nuestra pasi\u00f3n, los productos naturales nuestro enfoque.\",\"publisher\":{\"@id\":\"https:\/\/tajacol.com\/es\/#organization\"},\"alternateName\":\"Express Produce Corp\",\"potentialAction\":[{\"@type\":\"SearchAction\",\"target\":{\"@type\":\"EntryPoint\",\"urlTemplate\":\"https:\/\/tajacol.com\/es\/?s={search_term_string}\"},\"query-input\":{\"@type\":\"PropertyValueSpecification\",\"valueRequired\":true,\"valueName\":\"search_term_string\"}}],\"inLanguage\":\"es\"},{\"@type\":\"Organization\",\"@id\":\"https:\/\/tajacol.com\/es\/#organization\",\"name\":\"TajaCol\",\"alternateName\":\"Express Produce Corp\",\"url\":\"https:\/\/tajacol.com\/es\/\",\"logo\":{\"@type\":\"ImageObject\",\"inLanguage\":\"es\",\"@id\":\"https:\/\/tajacol.com\/es\/#\/schema\/logo\/image\/\",\"url\":\"http:\/\/tajacol.com\/wp-content\/uploads\/2022\/12\/TAJACOL.jpg\",\"contentUrl\":\"http:\/\/tajacol.com\/wp-content\/uploads\/2022\/12\/TAJACOL.jpg\",\"width\":1650,\"height\":1275,\"caption\":\"TajaCol\"},\"image\":{\"@id\":\"https:\/\/tajacol.com\/es\/#\/schema\/logo\/image\/\"},\"sameAs\":[\"https:\/\/www.instagram.com\/tajacol\/\"]}]}<\/script>\n<!-- \/ Yoast SEO plugin. -->","yoast_head_json":{"title":"Croquetas Cubanas - TajaCol","description":"Las croquetas Tajacol se preparan con la aut\u00e9ntica receta cubana. Usando ingredientes de la mejor calidad.","robots":{"index":"index","follow":"follow","max-snippet":"max-snippet:-1","max-image-preview":"max-image-preview:large","max-video-preview":"max-video-preview:-1"},"canonical":"https:\/\/tajacol.com\/es\/productos\/croquetas-cubanas\/","og_locale":"es_ES","og_type":"article","og_title":"Croquetas Cubanas - TajaCol","og_description":"Las croquetas Tajacol se preparan con la aut\u00e9ntica receta cubana. Usando ingredientes de la mejor calidad.","og_url":"https:\/\/tajacol.com\/es\/productos\/croquetas-cubanas\/","og_site_name":"TajaCol","article_modified_time":"2024-05-08T20:32:55+00:00","og_image":[{"width":1650,"height":1275,"url":"https:\/\/tajacol.com\/wp-content\/uploads\/2022\/12\/TAJACOL.jpg","type":"image\/jpeg"}],"twitter_card":"summary_large_image","twitter_misc":{"Tiempo de lectura":"2 minutos"},"schema":{"@context":"https:\/\/schema.org","@graph":[{"@type":"WebPage","@id":"https:\/\/tajacol.com\/es\/productos\/croquetas-cubanas\/","url":"https:\/\/tajacol.com\/es\/productos\/croquetas-cubanas\/","name":"Croquetas Cubanas - TajaCol","isPartOf":{"@id":"https:\/\/tajacol.com\/es\/#website"},"primaryImageOfPage":{"@id":"https:\/\/tajacol.com\/es\/productos\/croquetas-cubanas\/#primaryimage"},"image":{"@id":"https:\/\/tajacol.com\/es\/productos\/croquetas-cubanas\/#primaryimage"},"thumbnailUrl":"https:\/\/tajacol.com\/wp-content\/uploads\/2022\/12\/TAJACOL.jpg","datePublished":"2022-12-14T21:10:56+00:00","dateModified":"2024-05-08T20:32:55+00:00","description":"Las croquetas Tajacol se preparan con la aut\u00e9ntica receta cubana. Usando ingredientes de la mejor calidad.","breadcrumb":{"@id":"https:\/\/tajacol.com\/es\/productos\/croquetas-cubanas\/#breadcrumb"},"inLanguage":"es","potentialAction":[{"@type":"ReadAction","target":["https:\/\/tajacol.com\/es\/productos\/croquetas-cubanas\/"]}]},{"@type":"ImageObject","inLanguage":"es","@id":"https:\/\/tajacol.com\/es\/productos\/croquetas-cubanas\/#primaryimage","url":"https:\/\/tajacol.com\/wp-content\/uploads\/2022\/12\/TAJACOL.jpg","contentUrl":"https:\/\/tajacol.com\/wp-content\/uploads\/2022\/12\/TAJACOL.jpg","width":1650,"height":1275},{"@type":"BreadcrumbList","@id":"https:\/\/tajacol.com\/es\/productos\/croquetas-cubanas\/#breadcrumb","itemListElement":[{"@type":"ListItem","position":1,"name":"Portada","item":"https:\/\/tajacol.com\/es\/"},{"@type":"ListItem","position":2,"name":"Productos","item":"https:\/\/tajacol.com\/es\/productos\/"},{"@type":"ListItem","position":3,"name":"Croquetas Cubanas"}]},{"@type":"WebSite","@id":"https:\/\/tajacol.com\/es\/#website","url":"https:\/\/tajacol.com\/es\/","name":"TajaCol","description":"La calidad es nuestra pasi\u00f3n, los productos naturales nuestro enfoque.","publisher":{"@id":"https:\/\/tajacol.com\/es\/#organization"},"alternateName":"Express Produce Corp","potentialAction":[{"@type":"SearchAction","target":{"@type":"EntryPoint","urlTemplate":"https:\/\/tajacol.com\/es\/?s={search_term_string}"},"query-input":{"@type":"PropertyValueSpecification","valueRequired":true,"valueName":"search_term_string"}}],"inLanguage":"es"},{"@type":"Organization","@id":"https:\/\/tajacol.com\/es\/#organization","name":"TajaCol","alternateName":"Express Produce Corp","url":"https:\/\/tajacol.com\/es\/","logo":{"@type":"ImageObject","inLanguage":"es","@id":"https:\/\/tajacol.com\/es\/#\/schema\/logo\/image\/","url":"http:\/\/tajacol.com\/wp-content\/uploads\/2022\/12\/TAJACOL.jpg","contentUrl":"http:\/\/tajacol.com\/wp-content\/uploads\/2022\/12\/TAJACOL.jpg","width":1650,"height":1275,"caption":"TajaCol"},"image":{"@id":"https:\/\/tajacol.com\/es\/#\/schema\/logo\/image\/"},"sameAs":["https:\/\/www.instagram.com\/tajacol\/"]}]}},"_links":{"self":[{"href":"https:\/\/tajacol.com\/es\/wp-json\/wp\/v2\/pages\/4046","targetHints":{"allow":["GET"]}}],"collection":[{"href":"https:\/\/tajacol.com\/es\/wp-json\/wp\/v2\/pages"}],"about":[{"href":"https:\/\/tajacol.com\/es\/wp-json\/wp\/v2\/types\/page"}],"author":[{"embeddable":true,"href":"https:\/\/tajacol.com\/es\/wp-json\/wp\/v2\/users\/1"}],"replies":[{"embeddable":true,"href":"https:\/\/tajacol.com\/es\/wp-json\/wp\/v2\/comments?post=4046"}],"version-history":[{"count":6,"href":"https:\/\/tajacol.com\/es\/wp-json\/wp\/v2\/pages\/4046\/revisions"}],"predecessor-version":[{"id":5101,"href":"https:\/\/tajacol.com\/es\/wp-json\/wp\/v2\/pages\/4046\/revisions\/5101"}],"up":[{"embeddable":true,"href":"https:\/\/tajacol.com\/es\/wp-json\/wp\/v2\/pages\/4049"}],"wp:featuredmedia":[{"embeddable":true,"href":"https:\/\/tajacol.com\/es\/wp-json\/wp\/v2\/media\/3907"}],"wp:attachment":[{"href":"https:\/\/tajacol.com\/es\/wp-json\/wp\/v2\/media?parent=4046"}],"curies":[{"name":"wp","href":"https:\/\/api.w.org\/{rel}","templated":true}]}}